{"id":1733,"date":"2024-02-29T08:51:29","date_gmt":"2024-02-29T07:51:29","guid":{"rendered":"https:\/\/comiteesceniques.org\/accessibilitat\/"},"modified":"2024-04-25T12:43:45","modified_gmt":"2024-04-25T10:43:45","slug":"accesibilidad","status":"publish","type":"page","link":"https:\/\/comiteesceniques.org\/es\/accesibilidad\/","title":{"rendered":"Accesibilidad"},"content":{"rendered":"<h1 class=\"entry-title main_title\"><strong>Declaraci\u00f3n de accesibilidad<\/strong><\/h1>\n<div class=\"entry-content\">\n<p>ASSOCIACI\u00d3 DE CREADORS I CREADORES D\u2019ARTS ESC\u00c8NIQUES VALENCIANES se ha comprometido a hacer accesibles sus sitios web, de conformidad con el Real Decreto 1112\/2018, de 7 de septiembre, sobre accesibilidad de los sitios web y aplicaciones para dispositivos m\u00f3viles del sector p\u00fablico o con ayudas publicas.<\/p>\n<p>&nbsp;<\/p>\n<h2><strong>SITUACI\u00d3N DE CUMPLIMIENTO<\/strong><\/h2>\n<p>Este sitio web es\u00a0<strong>parcialmente conforme<\/strong>\u00a0con el\u00a0<a href=\"https:\/\/www.boe.es\/diario_boe\/txt.php?id=BOE-A-2018-12699\" target=\"_blank\" rel=\"noopener\"><strong>RD 1112\/2018<\/strong><\/a>\u00a0debido a las excepciones y a la falta de conformidad de los aspectos que se indican a continuaci\u00f3n.<\/p>\n<p>&nbsp;<\/p>\n<h3><strong>Contenido no accesible<\/strong><\/h3>\n<p>El contenido que se recoge a continuaci\u00f3n no es accesible por lo siguiente:<\/p>\n<ul>\n<li><strong>Falta de conformidad con el RD 1112\/2018:<\/strong>\n<ul>\n<li>Hay contenido textual sin un contraste suficiente<\/li>\n<li>Se observa como en algunos casos el foco no cumple con el m\u00ednimo ratio de contraste requerido<\/li>\n<li>En alg\u00fan caso puede producirse solapamiento de contenido<\/li>\n<li>Puede ser que no toda la navegaci\u00f3n sea accesible con un teclado<\/li>\n<li>El foco no se resalta al usar la navegaci\u00f3n con teclado<\/li>\n<li>No existen atajos con teclado<\/li>\n<\/ul>\n<\/li>\n<\/ul>\n<p>&nbsp;<\/p>\n<h3><strong>Preparaci\u00f3n de la presente declaraci\u00f3n de accesibilidad<\/strong><\/h3>\n<p>La presente declaraci\u00f3n fue preparada el 25 de abril de 2024.<\/p>\n<p>El m\u00e9todo empleado para la presente declaraci\u00f3n ha sido una autoevaluaci\u00f3n realizada por Innobing Consulting S.L.<\/p>\n<p>&nbsp;<\/p>\n<h3><strong>Observaciones y datos de contacto<\/strong><\/h3>\n<p>Puede realizar\u00a0comunicaciones\u00a0sobre requisitos de accesibilidad (art\u00edculo 10.2.a del RD 1112\/2018) como, por ejemplo:<\/p>\n<ul>\n<li><strong>Informar sobre cualquier posible incumplimiento por parte de este sitio web<\/strong><\/li>\n<li><strong>Transmitir otras\u00a0dificultades de acceso\u00a0al contenido<\/strong><\/li>\n<li><strong>Formular cualquier otra\u00a0consulta o sugerencia de mejora\u00a0relativa a la accesibilidad del sitio web<\/strong><\/li>\n<\/ul>\n<p>Puede enviar un email a info@comiteesceniques.org\u00a0designado para tal efecto.<\/p>\n<p>Las comunicaciones ser\u00e1n recibidas y tratadas por ASSOCIACI\u00d3 DE CREADORS I CREADORES D\u2019ARTS ESC\u00c8NIQUES VALENCIANES<\/p>\n<p>&nbsp;<\/p>\n<h3><strong>Solicitudes de informaci\u00f3n accesible y quejas<\/strong><\/h3>\n<p>A trav\u00e9s de info@comiteesceniques.org puede presentar:<\/p>\n<ul>\n<li><strong>Queja relativa al cumplimiento de los requisitos del RD 1112\/2018 o<\/strong><\/li>\n<\/ul>\n<p>En la Solicitud de informaci\u00f3n accesible, se debe concretar, con toda claridad, los hechos, razones y petici\u00f3n que permitan constatar que se trata de una solicitud razonable y leg\u00edtima.<\/p>\n<p>&nbsp;<\/p>\n<h3><strong>Procedimiento de aplicaci\u00f3n<\/strong><\/h3>\n<p>Si una vez realizada una solicitud de informaci\u00f3n accesible o queja, \u00e9sta hubiera sido desestimada, no se estuviera de acuerdo con la decisi\u00f3n adoptada, o la respuesta no cumpliera los requisitos contemplados en el art\u00edculo 12.5 del RD 1112\/2018, la persona interesada podr\u00e1 iniciar una reclamaci\u00f3n. Igualmente se podr\u00e1 iniciar una reclamaci\u00f3n en el caso de no haber obtenido respuesta.<\/p>\n<p>La reclamaci\u00f3n puede ser presentada trav\u00e9s de la Instancia Gen\u00e9rica de la Sede electr\u00f3nica del Ministerio de Asuntos Econ\u00f3micos y Transformaci\u00f3n Digital , as\u00ed como en el resto de opciones recogidas en la Ley 39\/ 2015, de 1 de octubre, del Procedimiento Administrativo Com\u00fan de las Administraciones P\u00fablicas. \u00a0Las reclamaciones ser\u00e1n recibidas y tratadas por la Subdirecci\u00f3n General de Inspecci\u00f3n de Servicios del Ministerio.<\/p>\n<p>&nbsp;<\/p>\n<h3><strong>Contenido Opcional<\/strong><\/h3>\n<p>El sitio web:<\/p>\n<ul>\n<li><strong>Se ha dise\u00f1ado adapt\u00e1ndose a los est\u00e1ndares y normativas vigentes en relaci\u00f3n a la accesibilidad, cumpliendo con los puntos de verificaci\u00f3n de prioridad 2 (AA) definidos en la especificaci\u00f3n de Pautas de Accesibilidad al Contenido en la Web (WCAG 2.1).<\/strong><\/li>\n<li><strong>Est\u00e1 optimizado para las \u00faltimas versiones vigentes de Chrome, Edge, Firefox, Safari y Opera.<\/strong><\/li>\n<li><strong>Est\u00e1 dise\u00f1ado para su correcta visualizaci\u00f3n en cualquier resoluci\u00f3n y dispositivo de escritorio, tabletas o m\u00f3viles\u00a0(dise\u00f1o\u00a0<em>responsive<\/em>).<\/strong><\/li>\n<\/ul>\n<p>Adem\u00e1s, se realiza un trabajo continuo de auditor\u00eda y revisi\u00f3n de contenidos para facilitar su interpretaci\u00f3n y mejorar la navegaci\u00f3n por el portal web.<\/p>\n<p><b>Este portal esta dise\u00f1ado para poder cambiar el tama\u00f1o del texto y el color, as\u00ed\u00a0como el fondo de la p\u00e1gina mediante las opciones de configuraci\u00f3n est\u00e1ndar de los navegadores.<\/b><\/p>\n<p><strong>Si desea cambiar el tama\u00f1o de letra del texto en los principales navegadores gr\u00e1ficos utilice los siguientes men\u00fas:<\/strong><\/p>\n<ul>\n<li>Internet Explorer, Mozilla y Firefox: Ver &gt; Tama\u00f1o del texto<\/li>\n<li>Opera: Ver &gt; Zoom<\/li>\n<li>Safari: Ver &gt; Hacer el texto mas grande<\/li>\n<li>Chrome: Controla la pagina actual &gt; Tama\u00f1o del texto<\/li>\n<li>Para modificar el tama\u00f1o de todo en la pagina:\n<ul>\n<li>Ctrl + + para aumentarlo<\/li>\n<li>Ctrl + \u2013 para disminuirlo<\/li>\n<li>Ctrl + 0 restaura el tama\u00f1o original del texto<\/li>\n<\/ul>\n<\/li>\n<\/ul>\n<\/div>\n","protected":false},"excerpt":{"rendered":"<p>Declaraci\u00f3n de accesibilidad ASSOCIACI\u00d3 DE CREADORS I CREADORES D\u2019ARTS ESC\u00c8NIQUES VALENCIANES se ha comprometido a hacer accesibles sus sitios web, de conformidad con el Real Decreto 1112\/2018, de 7 de [&hellip;]<\/p>\n","protected":false},"author":4,"featured_media":0,"parent":0,"menu_order":0,"comment_status":"closed","ping_status":"closed","template":"","meta":{"_acf_changed":false,"_et_pb_use_builder":"","_et_pb_old_content":"","_et_gb_content_width":"","footnotes":""},"class_list":["post-1733","page","type-page","status-publish","hentry"],"acf":[],"_links":{"self":[{"href":"https:\/\/comiteesceniques.org\/es\/wp-json\/wp\/v2\/pages\/1733","targetHints":{"allow":["GET"]}}],"collection":[{"href":"https:\/\/comiteesceniques.org\/es\/wp-json\/wp\/v2\/pages"}],"about":[{"href":"https:\/\/comiteesceniques.org\/es\/wp-json\/wp\/v2\/types\/page"}],"author":[{"embeddable":true,"href":"https:\/\/comiteesceniques.org\/es\/wp-json\/wp\/v2\/users\/4"}],"replies":[{"embeddable":true,"href":"https:\/\/comiteesceniques.org\/es\/wp-json\/wp\/v2\/comments?post=1733"}],"version-history":[{"count":3,"href":"https:\/\/comiteesceniques.org\/es\/wp-json\/wp\/v2\/pages\/1733\/revisions"}],"predecessor-version":[{"id":3551,"href":"https:\/\/comiteesceniques.org\/es\/wp-json\/wp\/v2\/pages\/1733\/revisions\/3551"}],"wp:attachment":[{"href":"https:\/\/comiteesceniques.org\/es\/wp-json\/wp\/v2\/media?parent=1733"}],"curies":[{"name":"wp","href":"https:\/\/api.w.org\/{rel}","templated":true}]}}